{"id":4935,"date":"2021-06-03T13:58:41","date_gmt":"2021-06-03T11:58:41","guid":{"rendered":"https:\/\/globalpartnersolutions.es\/?page_id=4935"},"modified":"2021-06-03T13:58:42","modified_gmt":"2021-06-03T11:58:42","slug":"politica-de-calidad","status":"publish","type":"page","link":"https:\/\/globalpartnersolutions.es\/en\/politica-de-calidad\/","title":{"rendered":"Politica de Calidad"},"content":{"rendered":"<p><\/p>\n\n\n\n<h2 class=\"has-text-align-center\">POL\u00cdTICA DE CALIDAD, MEDIOAMBIENTE Y SEGURIDAD DE LA INFORMACI\u00d3N<\/h2>\n\n\n\n<p><\/p>\n\n\n\n<p><strong>GLOBAL PARTNER SOLUTIONS S.L.., <\/strong>es una empresa dedicada al <strong>Marketing Promocional y Log\u00edstica<\/strong>, ofreciendo a nuestros clientes, un servicio capaz de cubrir todas las necesidades de una empresa en el \u00e1mbito del Marketing Promocional abarca:<\/p>\n\n\n\n<ul><li>Merchandising.<\/li><li>Eventos.<\/li><li>Artes gr\u00e1ficas.<\/li><\/ul>\n\n\n\n<p>En el \u00e1mbito de la Log\u00edstica:<\/p>\n\n\n\n<ul><li>Almacenaje y Preparaci\u00f3n de pedidos.<\/li><li>Transporte nacional e internacional.<\/li><li>Valijas.<\/li><li>Seguimiento de env\u00edos.<\/li><\/ul>\n\n\n\n<p>La base de nuestro negocio es la <strong>calidad del servicio<\/strong> que prestamos, y la <strong>profesionalidad <\/strong>en nuestra gesti\u00f3n, cuya contribuci\u00f3n es fundamental en la consecuci\u00f3n de dicha calidad.<\/p>\n\n\n\n<p>En concordancia con este valor, en el desarrollo de sus actividades, <strong>GLOBAL PARTNER SOLUTIONS S.L.<\/strong><strong><em> <\/em><\/strong>tiene en cuenta el <strong>Comportamiento Medioambiental<\/strong> asociado a sus procesos y servicios, para garantizar una adecuada gesti\u00f3n de los recursos y una <strong>protecci\u00f3n del medioambiente<\/strong>, asegurando la <strong>prevenci\u00f3n de la contaminaci\u00f3n<\/strong>, haciendo hincapi\u00e9 en el uso sostenible de los recursos, la protecci\u00f3n de la biodiversidad y ecosistemas y la gesti\u00f3n de los residuos, siguiendo la filosof\u00eda de <strong>reducir, reutilizar y reciclar<\/strong><strong>.<\/strong><\/p>\n\n\n\n<p>Por otro lado, siendo conscientes de la importancia de los datos que la empresa gestiona, la presente Pol\u00edtica constituye el marco de referencia mediante el que <strong>GLOBAL PARTNER SOLUTIONS<\/strong> S.L define las directrices de protecci\u00f3n eficaz de la Informaci\u00f3n<\/p>\n\n\n\n<ul><li>Garantizar el grado de <strong>confidencialidad<\/strong> necesario a cada clase de Informaci\u00f3n, de conformidad con la clasificaci\u00f3n establecida en el Procedimiento de Clasificaci\u00f3n de la Informaci\u00f3n.<\/li><\/ul>\n\n\n\n<ul><li>Mantener la <strong>integridad<\/strong> de la informaci\u00f3n, de modo que no sufra alteraciones con respecto al momento en que haya sido generada por los propietarios o responsables de la misma.<\/li><\/ul>\n\n\n\n<ul><li>Asegurar la <strong>disponibilidad<\/strong> de la Informaci\u00f3n, en todos los soportes y siempre que sea necesaria, asegurando la continuidad del negocio y el cumplimiento de cuantas obligaciones sean exigibles.<\/li><\/ul>\n\n\n\n<p>La Direcci\u00f3n de <strong>GLOBAL PARTNER SOLUTIONS S.L. <\/strong>considera que, a trav\u00e9s de la Pol\u00edtica Integrada, se establecen los argumentos necesarios para el mantenimiento de las exigencias que implica la certificaci\u00f3n de su <strong>Sistema Integrado de Calidad, Gesti\u00f3n Medioambiental y Seguridad de la informaci\u00f3n <\/strong>a partir de las normas UNE-EN ISO 9001, UNE-EN ISO 14001 y UNE-ES ISO 27001 en sus versiones vigentes.<\/p>\n\n\n\n<p>Con la implantaci\u00f3n del Sistema Integrado se pretende conseguir crear conciencia de que en todo momento los procesos pueden ir evolucionando para conseguir la <strong>mejora continua <\/strong>del sistema, encaminado a conseguir la <strong>completa satisfacci\u00f3n<\/strong> tanto de nuestros clientes, de la sociedad y de la propia empresa teniendo en cuenta el <strong>cumplimiento de requisitos legales, reglamentarios<\/strong> y todos <strong>aquellos que la organizaci\u00f3n suscriba<\/strong> relacionados con sus clientes y con los aspectos ambientales.<\/p>\n\n\n\n<p>Con esta Pol\u00edtica se establece el marco de referencia para el establecimiento de <strong>Objetivos<\/strong> que son revisados peri\u00f3dicamente y que cuantifican el grado de eficacia del sistema implantado.&nbsp;<\/p>\n\n\n\n<p>La aplicaci\u00f3n de esta Pol\u00edtica y el cumplimento de los objetivos se consigue con la <strong>implicaci\u00f3n de todo el personal<\/strong> que forma parte de la organizaci\u00f3n, para lo cual la Direcci\u00f3n, se compromete a la difusi\u00f3n de esta a todo el personal de la organizaci\u00f3n, as\u00ed como todo el que trabaja en nombre de<strong>GLOBAL PARTNER SOLUTIONS S.L.<\/strong>, para remarcar que todas las personas de esta empresa son importantes para satisfacer los requisitos del servicio de los clientes y la mejora del desempe\u00f1o ambiental.<\/p>\n\n\n\n<p>Esta pol\u00edtica es comunicada a toda la empresa, est\u00e1 expuesta en un lugar visible de la organizaci\u00f3n y disponible a las partes interesadas a trav\u00e9s de nuestra p\u00e1gina web.<\/p>\n\n\n\n<p>Javier Mart\u00ednez<\/p>\n\n\n\n<p>Gerente<\/p>\n\n\n\n<p>&nbsp;&nbsp;&nbsp;&nbsp;&nbsp;&nbsp;&nbsp;&nbsp;&nbsp;&nbsp;&nbsp;&nbsp;&nbsp;&nbsp;&nbsp;&nbsp;&nbsp;&nbsp;&nbsp;&nbsp;&nbsp;&nbsp;&nbsp;&nbsp;&nbsp;&nbsp;&nbsp;&nbsp;&nbsp;&nbsp;&nbsp;&nbsp;&nbsp;&nbsp;&nbsp;&nbsp;&nbsp;&nbsp;&nbsp;&nbsp;&nbsp; 17\/05\/2021<\/p>","protected":false},"excerpt":{"rendered":"<p>POL\u00cdTICA DE CALIDAD, MEDIOAMBIENTE Y SEGURIDAD DE LA INFORMACI\u00d3N GLOBAL PARTNER SOLUTIONS S.L.., es una empresa dedicada al Marketing Promocional y Log\u00edstica, ofreciendo a nuestros clientes, un servicio capaz de cubrir todas las necesidades de una empresa en el \u00e1mbito del Marketing Promocional abarca: Merchandising. Eventos. Artes gr\u00e1ficas. En el \u00e1mbito de la Log\u00edstica: Almacenaje [&hellip;]<\/p>","protected":false},"author":3,"featured_media":0,"parent":0,"menu_order":0,"comment_status":"closed","ping_status":"closed","template":"","meta":[],"yoast_head":"<!-- This site is optimized with the Yoast SEO plugin v16.4 - https:\/\/yoast.com\/wordpress\/plugins\/seo\/ -->\n<title>Politica de Calidad - Global Partner Solutions<\/title>\n<meta name=\"robots\"  content=\"index, follow, max-snippet:-1, max-image-preview:large, max-video-preview:-1\" \/>\n<link rel=\"canonical\"  href=\"https:\/\/globalpartnersolutions.es\/en\/politica-de-calidad\/\" \/>\n<meta property=\"og:locale\"  content=\"en_GB\" \/>\n<meta property=\"og:type\"  content=\"article\" \/>\n<meta property=\"og:title\"  content=\"Politica de Calidad - Global Partner Solutions\" \/>\n<meta property=\"og:description\"  content=\"POL\u00cdTICA DE CALIDAD, MEDIOAMBIENTE Y SEGURIDAD DE LA INFORMACI\u00d3N GLOBAL PARTNER SOLUTIONS S.L.., es una empresa dedicada al Marketing Promocional y Log\u00edstica, ofreciendo a nuestros clientes, un servicio capaz de cubrir todas las necesidades de una empresa en el \u00e1mbito del Marketing Promocional abarca: Merchandising. Eventos. Artes gr\u00e1ficas. En el \u00e1mbito de la Log\u00edstica: Almacenaje [&hellip;]\" \/>\n<meta property=\"og:url\"  content=\"https:\/\/globalpartnersolutions.es\/en\/politica-de-calidad\/\" \/>\n<meta property=\"og:site_name\"  content=\"Global Partner Solutions\" \/>\n<meta property=\"article:modified_time\"  content=\"2021-06-03T11:58:42+00:00\" \/>\n<meta name=\"twitter:card\" content=\"summary\" \/>\n<meta name=\"twitter:label1\"  content=\"Estimated reading time\" \/>\n\t<meta name=\"twitter:data1\" content=\"3 minutes\" \/>\n<script type=\"application\/ld+json\" class=\"yoast-schema-graph\">{\"@context\":\"https:\/\/schema.org\",\"@graph\":[{\"@type\":\"WebSite\",\"@id\":\"https:\/\/globalpartnersolutions.es\/#website\",\"url\":\"https:\/\/globalpartnersolutions.es\/\",\"name\":\"Global Partner Solutions\",\"description\":\"Expertos en desarrollar proyectos, enfocados en resultados\",\"potentialAction\":[{\"@type\":\"SearchAction\",\"target\":\"https:\/\/globalpartnersolutions.es\/?s={search_term_string}\",\"query-input\":\"required name=search_term_string\"}],\"inLanguage\":\"en-GB\"},{\"@type\":\"WebPage\",\"@id\":\"https:\/\/globalpartnersolutions.es\/politica-de-calidad\/#webpage\",\"url\":\"https:\/\/globalpartnersolutions.es\/politica-de-calidad\/\",\"name\":\"Politica de Calidad - Global Partner Solutions\",\"isPartOf\":{\"@id\":\"https:\/\/globalpartnersolutions.es\/#website\"},\"datePublished\":\"2021-06-03T11:58:41+00:00\",\"dateModified\":\"2021-06-03T11:58:42+00:00\",\"breadcrumb\":{\"@id\":\"https:\/\/globalpartnersolutions.es\/politica-de-calidad\/#breadcrumb\"},\"inLanguage\":\"en-GB\",\"potentialAction\":[{\"@type\":\"ReadAction\",\"target\":[\"https:\/\/globalpartnersolutions.es\/politica-de-calidad\/\"]}]},{\"@type\":\"BreadcrumbList\",\"@id\":\"https:\/\/globalpartnersolutions.es\/politica-de-calidad\/#breadcrumb\",\"itemListElement\":[{\"@type\":\"ListItem\",\"position\":1,\"item\":{\"@type\":\"WebPage\",\"@id\":\"https:\/\/globalpartnersolutions.es\/\",\"url\":\"https:\/\/globalpartnersolutions.es\/\",\"name\":\"Portada\"}},{\"@type\":\"ListItem\",\"position\":2,\"item\":{\"@id\":\"https:\/\/globalpartnersolutions.es\/politica-de-calidad\/#webpage\"}}]}]}<\/script>\n<!-- \/ Yoast SEO plugin. -->","_links":{"self":[{"href":"https:\/\/globalpartnersolutions.es\/en\/wp-json\/wp\/v2\/pages\/4935"}],"collection":[{"href":"https:\/\/globalpartnersolutions.es\/en\/wp-json\/wp\/v2\/pages"}],"about":[{"href":"https:\/\/globalpartnersolutions.es\/en\/wp-json\/wp\/v2\/types\/page"}],"author":[{"embeddable":true,"href":"https:\/\/globalpartnersolutions.es\/en\/wp-json\/wp\/v2\/users\/3"}],"replies":[{"embeddable":true,"href":"https:\/\/globalpartnersolutions.es\/en\/wp-json\/wp\/v2\/comments?post=4935"}],"version-history":[{"count":1,"href":"https:\/\/globalpartnersolutions.es\/en\/wp-json\/wp\/v2\/pages\/4935\/revisions"}],"predecessor-version":[{"id":4936,"href":"https:\/\/globalpartnersolutions.es\/en\/wp-json\/wp\/v2\/pages\/4935\/revisions\/4936"}],"wp:attachment":[{"href":"https:\/\/globalpartnersolutions.es\/en\/wp-json\/wp\/v2\/media?parent=4935"}],"curies":[{"name":"wp","href":"https:\/\/api.w.org\/{rel}","templated":true}]}}