{"id":4924,"date":"2021-05-28T13:10:09","date_gmt":"2021-05-28T11:10:09","guid":{"rendered":"https:\/\/globalpartnersolutions.es\/?page_id=4924"},"modified":"2023-06-12T13:57:30","modified_gmt":"2023-06-12T11:57:30","slug":"politica-de-privacidad","status":"publish","type":"page","link":"https:\/\/globalpartnersolutions.es\/en\/politica-de-privacidad\/","title":{"rendered":"Pol\u00edtica de Privacidad"},"content":{"rendered":"<p><\/p>\n\n\n\n<p><strong>Pol\u00edtica de Privacidad<\/strong><\/p>\n\n\n\n<p>Recomendamos que leas atentamente todas nuestras pol\u00edticas antes de dar tu consentimiento a trav\u00e9s de la marcaci\u00f3n de las casillas.<\/p>\n\n\n\n<p>La <strong>casilla de aceptaci\u00f3n de la pol\u00edtica de privacidad<\/strong> siempre ser\u00e1 obligatoria para poder completar cualquier formulario de la web.<\/p>\n\n\n\n<p>Si nos escribes directamente a nuestros correos de informaci\u00f3n, tambi\u00e9n estar\u00e1s aceptando estos t\u00e9rminos, declarando como acci\u00f3n positiva la decisi\u00f3n de escribirnos o llamarnos, basando el tratamiento de tus datos en un inter\u00e9s leg\u00edtimo de responder tus dudas y consultas.<\/p>\n\n\n\n<p><br>A continuaci\u00f3n, explicamos a nuestros clientes y futuros clientes c\u00f3mo tratamos sus datos en cumplimiento de la normativa relativa a la protecci\u00f3n de datos personales y comercio electr\u00f3nico:<\/p>\n\n\n\n<p><br><strong>I. RESPONSABLE DEL TRATAMIENTO<\/strong><br>&nbsp;<br>RAZ\u00d3N SOCIAL: Global Partner Solutions<\/p>\n\n\n\n<p>CIF: B87016788<\/p>\n\n\n\n<p>DIRECCI\u00d3N POSTAL: Avenida de la Industria 50, 28823 Coslada (Madrid)<\/p>\n\n\n\n<p>EMAIL: info@globalpartnersolutions.es<br><br><\/p>\n\n\n\n<p>&nbsp;<br><strong>II. PARA QU\u00c9 TRATAMOS TUS DATOS (FINALIDAD DEL TRATAMIENTO), DURACI\u00d3N y SU BASE LEG\u00cdTIMA<\/strong><br>&nbsp;<br>A) <strong>Cumplir la prestaci\u00f3n del servicio<\/strong> definida en el contrato, as\u00ed como las labores derivadas de esa relaci\u00f3n (facturaci\u00f3n, gesti\u00f3n de reclamaciones, asistencia al cliente\u2026). <strong>Duraci\u00f3n:<\/strong> Este tratamiento de datos tendr\u00e1 la misma duraci\u00f3n que el contrato y, una vez que llegue a t\u00e9rmino, mantendremos tus datos bloqueados, s\u00f3lo para atender responsabilidades legales (normalmente son 5 a\u00f1os). <strong>Base leg\u00edtima: <\/strong>la relaci\u00f3n contractual, en este caso la persona no puede oponerse al tratamiento de sus datos, ya que responde a un requerimiento legal.<\/p>\n\n\n\n<p>B) <strong>Correo electr\u00f3nico:<\/strong> para responder en caso de que nos escribas directamente a cualquier cuenta corporativa de GLOBAL PARTNER SOLUTIONS, para responder tu consulta y poder asistirte. <strong>Duraci\u00f3n: <\/strong>lo que dure la finalidad descrita, guardando dicho correo durante 1 a\u00f1o para posibles justificaciones y seguimiento del servicio prestado. <strong>Base leg\u00edtima:<\/strong> inter\u00e9s leg\u00edtimo para responder las consultas directas a los correos corporativos.<\/p>\n\n\n\n<p>C) <strong>Finalidades comerciales,<\/strong> para estudiar las necesidades que t\u00fa y otros clientes puedan tener durante la prestaci\u00f3n del servicio. Los datos usados no permiten identificar a la persona, por lo que son totalmente an\u00f3nimos. <strong>Duraci\u00f3n: <\/strong>mientras dure la relaci\u00f3n contractual, una vez finalizada el tratamiento continuar\u00e1 de forma totalmente anonimizada, mientras no te opongas a este tipo de tratamiento. <strong>Base leg\u00edtima: <\/strong>Inter\u00e9s leg\u00edtimo de la entidad para mejorar la oferta de productos y servicios, tratando datos totalmente an\u00f3nimos que no permiten identificar a la persona.<\/p>\n\n\n\n<p>D) <strong>Conocer tus preferencias y an\u00e1lisis de la navegaci\u00f3n por la web.<\/strong> Esto lo hacemos a trav\u00e9s de las famosas \u201ccookies\u201d, que nos facilitan numerosas herramientas para conocer c\u00f3mo usas nuestra p\u00e1gina y poder mejorar el uso de \u00e9sta. Tambi\u00e9n analizaremos los datos de las p\u00e1ginas que visites, dispositivo desde el que navegas, en qu\u00e9 partes de nuestra web pasas m\u00e1s tiempo\u2026 una serie de an\u00e1lisis dirigidos a mejorar el contenido y su efectividad. <strong>Duraci\u00f3n:<\/strong> Lo que dure el consentimiento. <strong>Base leg\u00edtima:<\/strong> Tu consentimiento cuando accedes por primera vez a la web, el cual puede configurar o retirar en cualquier momento desde el gestor de cookies dispuesto a tal efecto. Si necesitas informaci\u00f3n m\u00e1s espec\u00edfica sobre lo que hacen las cookies de nuestra web pincha en <strong><u>cookies policy<\/u><\/strong>.<\/p>\n\n\n\n<p>E)<strong> Datos procedentes de terceros: <\/strong>Puede darse la situaci\u00f3n que hayas dado tu consentimiento a otra empresa que nos ceda tus datos para estudiar una oferta en tu cambio de suministros, en ese caso esta empresa te habr\u00e1 avisado de dicha cesi\u00f3n. Por nuestra parte, si finalmente estudias la oferta y no te interesa borraremos tus datos tras hacer la consulta de oferta. <strong>Duraci\u00f3n: <\/strong>lo que dure la finalidad descrita. <strong>Base leg\u00edtima:<\/strong> cesi\u00f3n de datos por parte de un tercero y relaci\u00f3n precontractual.<\/p>\n\n\n\n<p>M) <strong>Redes sociales de GLOBAL PARTNER SOLUTIONS.<\/strong> Queremos estar a tu lado en todo momento, para eso tenemos diferentes perfiles que puedes seguir para estar informado al segundo de nuestra actividad. Ten en cuenta que este tipo de plataformas se regulan por sus propias pol\u00edticas de privacidad, por lo que no podemos garantizar la seguridad de tus datos. Por eso siempre trataremos de contactar por MD (mensaje directo) en caso de que necesites comunicarte con nosotros para tr\u00e1mites o consultas pendientes.<br>&nbsp;<br><br><\/p>\n\n\n\n<p><strong>III. QU\u00c9 TIPO DE DATOS TRATAMOS<\/strong>&nbsp;<br><br>A continuaci\u00f3n, te explicamos qu\u00e9 datos vamos a necesitar y tratar durante nuestra relaci\u00f3n:<\/p>\n\n\n\n<ul><li>Datos identificativos y de contacto (nombre y apellidos, correo electr\u00f3nico, direcci\u00f3n postal, tel\u00e9fono, direcci\u00f3n IP).<\/li><li>Datos de navegaci\u00f3n: la mayor\u00eda de estos datos no permiten identificar a la persona, pero s\u00ed es posible identificar el tipo de dispositivo desde el que navegas, tiempo de navegaci\u00f3n, p\u00e1ginas visitadas dentro del sitio, geolocalizaci\u00f3n aproximada (provincia)\u2026<\/li><\/ul>\n\n\n\n<p><br><strong>IV. QUI\u00c9N VA A VER O TENER TUS DATOS<\/strong><\/p>\n\n\n\n<p><br>Para darte servicio algunos de tus datos se comunicar\u00e1n a terceros para cumplir la prestaci\u00f3n del servicio. A continuaci\u00f3n, te explicamos a qui\u00e9n los comunicamos y para qu\u00e9:<\/p>\n\n\n\n<ul><li>A organismos y administraciones p\u00fablicas, para cumplir obligaciones legales.<\/li><li>A proveedores de GLOBAL PARTNER SOLUTIONS que nos dan servicio. Estos proveedores no realizar\u00e1n ning\u00fan tratamiento de tus datos ni comunicaci\u00f3n de los mismos por su cuenta, s\u00f3lo los tratar\u00e1n, almacenar\u00e1n o eliminar\u00e1n seg\u00fan nuestras indicaciones, atendiendo a un contrato y condiciones de confidencialidad correspondientes.<\/li><\/ul>\n\n\n\n<p><strong>V. SEGURIDAD DE TU INFORMACI\u00d3N<\/strong><\/p>\n\n\n\n<p>GLOBAL PARTNER SOLUTIONS se compromete a guardar total confidencialidad de tus datos personales, comunicaciones, y cualquier informaci\u00f3n derivada de nuestra relaci\u00f3n, adoptando unas medidas de seguridad adecuadas y actualizadas a trav\u00e9s de un seguimiento de cumplimiento. Estas medidas de seguridad ser\u00e1n adoptadas por cualquier trabajador o proveedor de GLOBAL PARTNER SOLUTIONS, garantizando as\u00ed la seguridad de tus datos.<\/p>\n\n\n\n<p>Para tratar tus datos hemos tenido en cuenta los riesgos de cada proceso, poniendo las medidas adecuadas teniendo en cuenta los medios t\u00e9cnicos, humanos, costes, as\u00ed como la necesidad del tratamiento en cuesti\u00f3n, estudiando en todo momento que el desarrollo y evoluci\u00f3n de dichos tratamientos no cambien la finalidad inicial.<\/p>\n\n\n\n<p><strong>VI. TUS DERECHOS<\/strong><\/p>\n\n\n\n<p>En todo momento tendr\u00e1s el control de tus datos, poniendo a tu disposici\u00f3n la informaci\u00f3n necesaria para que decidas qu\u00e9 hacemos y qu\u00e9 no con ellos y podr\u00e1s solicitarnos la supresi\u00f3n o baja.<br><br><\/p>\n\n\n\n<p>Adem\u00e1s, la legislaci\u00f3n vigente sobre protecci\u00f3n de datos detalla una serie de derechos espec\u00edficos, que te detallamos:<\/p>\n\n\n\n<p>Acceder a tus datos para conocer los datos personales que tenemos.<\/p>\n\n\n\n<p>\u2022 Solicitar la rectificaci\u00f3n o supresi\u00f3n de tus datos, rectificar aquellos datos personales inexactos o solicitar su supresi\u00f3n cuando los datos ya no fueran necesarios, por resoluci\u00f3n contractual o no contrataci\u00f3n de ning\u00fan servicio, tras las gestiones informativas.<\/p>\n\n\n\n<p>\u2022 Solicitar la limitaci\u00f3n del tratamiento de tus datos, s\u00f3lo se conservar\u00e1n aquellos datos necesarios previstos por la legislaci\u00f3n fiscal respecto a la prescripci\u00f3n de responsabilidades.<\/p>\n\n\n\n<p>\u2022 A la portabilidad de tus datos: recopilar los datos personales que tengamos para transmitirlos a otra entidad responsable del tratamiento.<\/p>\n\n\n\n<p>\u2022 Oponerse al tratamiento de tus datos: podr\u00e1s ejercer este derecho salvo que por motivos contractuales o debido a la prescripci\u00f3n de responsabilidades, sea indispensable su tratamiento.<\/p>\n\n\n\n<p><strong>C\u00f3mo puedes ejercer tus derechos: <\/strong>Tendr\u00e1s que adjuntar tu DNI, para comprobar que eres el titular de los datos, escribiendo a GLOBAL PARTNER SOLUTIONS., Avenida de la Industria 50, 28823 &#8211; Coslada, o por correo electr\u00f3nico a <a href=\"mailto:info@globalpartnersolutions.es\">info@globalpartnersolutions.es<\/a>.<\/p>\n\n\n\n<p><strong>Plazos de respuesta: <\/strong>tendremos 1 mes, desde la recepci\u00f3n de tu solicitud para responder. Este plazo se podr\u00e1 ampliar a 2 meses dependiendo de la complejidad de la solicitud o volumen de solicitudes pendientes, avis\u00e1ndote en todo momento de esta circunstancia.<\/p>\n\n\n\n<p>Ten en cuenta que, adem\u00e1s de tus derechos, puedes retirar el consentimiento que nos diste en su momento, sin que ello afecte al tratamiento realizado antes de retirarlo. Si sigues sin estar conforme con el ejercicio de tus derechos, te avisamos que puedes ejercitar cualquier reclamaci\u00f3n, en relaci\u00f3n con el tratamiento de tus datos de car\u00e1cter personal, ante la Agencia Espa\u00f1ola de Protecci\u00f3n de Datos en la calle Jorge Juan n\u00ba 6, 28001 de Madrid.7.<\/p>\n\n\n\n<p><strong>GLOBAL PARTNER SOLUTIONS, S.L <\/strong>dispone de diferentes canales de resoluci\u00f3n de conflictos o reclamaciones. Puede contactar con la empresa a trav\u00e9s de la direcci\u00f3n de correo electr\u00f3nico <strong><a href=\"mailto:info@globalparternsolutions.es\" >info@globalpartnersolutions.es<\/a><\/strong>. Si no estuviera satisfecho con la gesti\u00f3n, respuesta o resoluci\u00f3n facilitada, puede acceder a la plataforma de resoluci\u00f3n de litigios en l\u00ednea en el siguiente enlace: <a href=\"https:\/\/ec.europa.eu\/consumers\/odr\/main\/index.cfm?event=main.home2.show&amp;lng=ES\">Resoluci\u00f3n de litigios en l\u00ednea | Comisi\u00f3n Europea (europa.eu)<\/a><br><\/p>","protected":false},"excerpt":{"rendered":"<p>Pol\u00edtica de Privacidad Recomendamos que leas atentamente todas nuestras pol\u00edticas antes de dar tu consentimiento a trav\u00e9s de la marcaci\u00f3n de las casillas. La casilla de aceptaci\u00f3n de la pol\u00edtica de privacidad siempre ser\u00e1 obligatoria para poder completar cualquier formulario de la web. Si nos escribes directamente a nuestros correos de informaci\u00f3n, tambi\u00e9n estar\u00e1s aceptando [&hellip;]<\/p>","protected":false},"author":3,"featured_media":0,"parent":0,"menu_order":0,"comment_status":"closed","ping_status":"closed","template":"","meta":[],"yoast_head":"<!-- This site is optimized with the Yoast SEO plugin v16.4 - https:\/\/yoast.com\/wordpress\/plugins\/seo\/ -->\n<title>Pol\u00edtica de Privacidad - Global Partner Solutions<\/title>\n<meta name=\"robots\"  content=\"index, follow, max-snippet:-1, max-image-preview:large, max-video-preview:-1\" \/>\n<link rel=\"canonical\"  href=\"https:\/\/globalpartnersolutions.es\/en\/politica-de-privacidad\/\" \/>\n<meta property=\"og:locale\"  content=\"en_GB\" \/>\n<meta property=\"og:type\"  content=\"article\" \/>\n<meta property=\"og:title\"  content=\"Pol\u00edtica de Privacidad - Global Partner Solutions\" \/>\n<meta property=\"og:description\"  content=\"Pol\u00edtica de Privacidad Recomendamos que leas atentamente todas nuestras pol\u00edticas antes de dar tu consentimiento a trav\u00e9s de la marcaci\u00f3n de las casillas. La casilla de aceptaci\u00f3n de la pol\u00edtica de privacidad siempre ser\u00e1 obligatoria para poder completar cualquier formulario de la web. Si nos escribes directamente a nuestros correos de informaci\u00f3n, tambi\u00e9n estar\u00e1s aceptando [&hellip;]\" \/>\n<meta property=\"og:url\"  content=\"https:\/\/globalpartnersolutions.es\/en\/politica-de-privacidad\/\" \/>\n<meta property=\"og:site_name\"  content=\"Global Partner Solutions\" \/>\n<meta property=\"article:modified_time\"  content=\"2023-06-12T11:57:30+00:00\" \/>\n<meta name=\"twitter:card\" content=\"summary\" \/>\n<meta name=\"twitter:label1\"  content=\"Estimated reading time\" \/>\n\t<meta name=\"twitter:data1\" content=\"6 minutes\" \/>\n<script type=\"application\/ld+json\" class=\"yoast-schema-graph\">{\"@context\":\"https:\/\/schema.org\",\"@graph\":[{\"@type\":\"WebSite\",\"@id\":\"https:\/\/globalpartnersolutions.es\/#website\",\"url\":\"https:\/\/globalpartnersolutions.es\/\",\"name\":\"Global Partner Solutions\",\"description\":\"Expertos en desarrollar proyectos, enfocados en resultados\",\"potentialAction\":[{\"@type\":\"SearchAction\",\"target\":\"https:\/\/globalpartnersolutions.es\/?s={search_term_string}\",\"query-input\":\"required name=search_term_string\"}],\"inLanguage\":\"en-GB\"},{\"@type\":\"WebPage\",\"@id\":\"https:\/\/globalpartnersolutions.es\/politica-de-privacidad\/#webpage\",\"url\":\"https:\/\/globalpartnersolutions.es\/politica-de-privacidad\/\",\"name\":\"Pol\\u00edtica de Privacidad - Global Partner Solutions\",\"isPartOf\":{\"@id\":\"https:\/\/globalpartnersolutions.es\/#website\"},\"datePublished\":\"2021-05-28T11:10:09+00:00\",\"dateModified\":\"2023-06-12T11:57:30+00:00\",\"breadcrumb\":{\"@id\":\"https:\/\/globalpartnersolutions.es\/politica-de-privacidad\/#breadcrumb\"},\"inLanguage\":\"en-GB\",\"potentialAction\":[{\"@type\":\"ReadAction\",\"target\":[\"https:\/\/globalpartnersolutions.es\/politica-de-privacidad\/\"]}]},{\"@type\":\"BreadcrumbList\",\"@id\":\"https:\/\/globalpartnersolutions.es\/politica-de-privacidad\/#breadcrumb\",\"itemListElement\":[{\"@type\":\"ListItem\",\"position\":1,\"item\":{\"@type\":\"WebPage\",\"@id\":\"https:\/\/globalpartnersolutions.es\/\",\"url\":\"https:\/\/globalpartnersolutions.es\/\",\"name\":\"Portada\"}},{\"@type\":\"ListItem\",\"position\":2,\"item\":{\"@id\":\"https:\/\/globalpartnersolutions.es\/politica-de-privacidad\/#webpage\"}}]}]}<\/script>\n<!-- \/ Yoast SEO plugin. -->","_links":{"self":[{"href":"https:\/\/globalpartnersolutions.es\/en\/wp-json\/wp\/v2\/pages\/4924"}],"collection":[{"href":"https:\/\/globalpartnersolutions.es\/en\/wp-json\/wp\/v2\/pages"}],"about":[{"href":"https:\/\/globalpartnersolutions.es\/en\/wp-json\/wp\/v2\/types\/page"}],"author":[{"embeddable":true,"href":"https:\/\/globalpartnersolutions.es\/en\/wp-json\/wp\/v2\/users\/3"}],"replies":[{"embeddable":true,"href":"https:\/\/globalpartnersolutions.es\/en\/wp-json\/wp\/v2\/comments?post=4924"}],"version-history":[{"count":3,"href":"https:\/\/globalpartnersolutions.es\/en\/wp-json\/wp\/v2\/pages\/4924\/revisions"}],"predecessor-version":[{"id":5289,"href":"https:\/\/globalpartnersolutions.es\/en\/wp-json\/wp\/v2\/pages\/4924\/revisions\/5289"}],"wp:attachment":[{"href":"https:\/\/globalpartnersolutions.es\/en\/wp-json\/wp\/v2\/media?parent=4924"}],"curies":[{"name":"wp","href":"https:\/\/api.w.org\/{rel}","templated":true}]}}