{"id":4288,"date":"2020-02-10T10:56:49","date_gmt":"2020-02-10T09:56:49","guid":{"rendered":"http:\/\/globalpartnersolutions.es\/?page_id=4288"},"modified":"2025-10-14T13:31:19","modified_gmt":"2025-10-14T11:31:19","slug":"inicio-temporal","status":"publish","type":"page","link":"https:\/\/globalpartnersolutions.es\/en\/inicio-temporal\/","title":{"rendered":"Inicio Temporal"},"content":{"rendered":"<div  class='avia-image-container  av-styling- av-hover-grow   avia-builder-el-0  el_before_av_section  avia-builder-el-no-sibling  avia-align-center'   itemprop=\"image\"  itemscope=\"itemscope\"  itemtype=\"https:\/\/schema.org\/ImageObject\"  ><div class='avia-image-container-inner'><div class='avia-image-overlay-wrap'><img class='wp-image-5529 avia-img-lazy-loading-not-5529 avia_image'   src=\"https:\/\/globalpartnersolutions.es\/wp-content\/uploads\/2025\/10\/logotamanomodificado-1030x469.png\"   alt=''   title='logotama\u00f1omodificado'   height=\"469\"   width=\"1030\"    itemprop=\"thumbnailUrl\"   srcset=\"https:\/\/globalpartnersolutions.es\/wp-content\/uploads\/2025\/10\/logotamanomodificado-1030x469.png 1030w, https:\/\/globalpartnersolutions.es\/wp-content\/uploads\/2025\/10\/logotamanomodificado-300x137.png 300w, https:\/\/globalpartnersolutions.es\/wp-content\/uploads\/2025\/10\/logotamanomodificado-768x350.png 768w, https:\/\/globalpartnersolutions.es\/wp-content\/uploads\/2025\/10\/logotamanomodificado-1536x700.png 1536w, https:\/\/globalpartnersolutions.es\/wp-content\/uploads\/2025\/10\/logotamanomodificado-2048x933.png 2048w, https:\/\/globalpartnersolutions.es\/wp-content\/uploads\/2025\/10\/logotamanomodificado-16x7.png 16w, https:\/\/globalpartnersolutions.es\/wp-content\/uploads\/2025\/10\/logotamanomodificado-1500x683.png 1500w, https:\/\/globalpartnersolutions.es\/wp-content\/uploads\/2025\/10\/logotamanomodificado-705x321.png 705w\"   sizes=\"(max-width: 1030px) 100vw, 1030px\" \/><\/div><\/div><\/div>\n<\/div><\/div><\/div><!-- close content main div --><\/div><\/div><div id='av_section_1'    class='avia-section alternate_color avia-section-small avia-no-border-styling  avia-bg-style-scroll  avia-builder-el-1  el_after_av_image  avia-builder-el-last   container_wrap fullsize'   style='background-color: #f4f4f4;  '   ><div class='container' ><div class='template-page content  av-content-full alpha units'><div class='post-entry post-entry-type-page post-entry-4288'><div class='entry-content-wrapper clearfix'>\n<div  style='padding-bottom:0px; color:#2dc84d;font-size:50px;'   class='av-special-heading av-special-heading-h2 custom-color-heading blockquote modern-quote modern-centered  avia-builder-el-2  avia-builder-el-no-sibling  av-inherit-size'><h2 class='av-special-heading-tag'    itemprop=\"headline\"  >Estamos renovando la web <br \/>Pronto de nuevo disponible<\/h2><div class='special-heading-border'><div class='special-heading-inner-border'   style='border-color:#2dc84d'><\/div><\/div><\/div>","protected":false},"excerpt":{"rendered":"<p>This is a Page excerpt. It will be displayed for search results<\/p>","protected":false},"author":1,"featured_media":0,"parent":0,"menu_order":0,"comment_status":"open","ping_status":"open","template":"","meta":[],"yoast_head":"<!-- This site is optimized with the Yoast SEO plugin v16.4 - https:\/\/yoast.com\/wordpress\/plugins\/seo\/ -->\n<title>Global Partner Solutions - Publicidad, Marketing Promocional<\/title>\n<meta name=\"description\"  content=\"Nuestro compromiso es ofrecer un servicio completo a todos nuestros clientes desde la creaci\u00f3n de la idea con el dise\u00f1o m\u00e1s actual producci\u00f3n y distribuci\u00f3n\" \/>\n<meta name=\"robots\"  content=\"index, follow, max-snippet:-1, max-image-preview:large, max-video-preview:-1\" \/>\n<link rel=\"canonical\"  href=\"https:\/\/globalpartnersolutions.es\/en\/inicio-temporal\/\" \/>\n<meta property=\"og:locale\"  content=\"en_GB\" \/>\n<meta property=\"og:type\"  content=\"article\" \/>\n<meta property=\"og:title\"  content=\"Global Partner Solutions - Publicidad, Marketing Promocional\" \/>\n<meta property=\"og:description\"  content=\"Nuestro compromiso es ofrecer un servicio completo a todos nuestros clientes desde la creaci\u00f3n de la idea con el dise\u00f1o m\u00e1s actual producci\u00f3n y distribuci\u00f3n\" \/>\n<meta property=\"og:url\"  content=\"https:\/\/globalpartnersolutions.es\/en\/inicio-temporal\/\" \/>\n<meta property=\"og:site_name\"  content=\"Global Partner Solutions\" \/>\n<meta property=\"article:modified_time\"  content=\"2025-10-14T11:31:19+00:00\" \/>\n<meta name=\"twitter:card\" content=\"summary\" \/>\n<meta name=\"twitter:label1\" content=\"Estimated reading time\" \/>\n\t<meta name=\"twitter:data1\" content=\"1 minute\" \/>\n<script type=\"application\/ld+json\" class=\"yoast-schema-graph\">{\"@context\":\"https:\/\/schema.org\",\"@graph\":[{\"@type\":\"WebSite\",\"@id\":\"https:\/\/globalpartnersolutions.es\/#website\",\"url\":\"https:\/\/globalpartnersolutions.es\/\",\"name\":\"Global Partner Solutions\",\"description\":\"Expertos en desarrollar proyectos, enfocados en resultados\",\"potentialAction\":[{\"@type\":\"SearchAction\",\"target\":\"https:\/\/globalpartnersolutions.es\/?s={search_term_string}\",\"query-input\":\"required name=search_term_string\"}],\"inLanguage\":\"en-GB\"},{\"@type\":\"WebPage\",\"@id\":\"https:\/\/globalpartnersolutions.es\/inicio-temporal\/#webpage\",\"url\":\"https:\/\/globalpartnersolutions.es\/inicio-temporal\/\",\"name\":\"Global Partner Solutions - Publicidad, Marketing Promocional\",\"isPartOf\":{\"@id\":\"https:\/\/globalpartnersolutions.es\/#website\"},\"datePublished\":\"2020-02-10T09:56:49+00:00\",\"dateModified\":\"2025-10-14T11:31:19+00:00\",\"description\":\"Nuestro compromiso es ofrecer un servicio completo a todos nuestros clientes desde la creaci\\u00f3n de la idea con el dise\\u00f1o m\\u00e1s actual producci\\u00f3n y distribuci\\u00f3n\",\"breadcrumb\":{\"@id\":\"https:\/\/globalpartnersolutions.es\/inicio-temporal\/#breadcrumb\"},\"inLanguage\":\"en-GB\",\"potentialAction\":[{\"@type\":\"ReadAction\",\"target\":[\"https:\/\/globalpartnersolutions.es\/inicio-temporal\/\"]}]},{\"@type\":\"BreadcrumbList\",\"@id\":\"https:\/\/globalpartnersolutions.es\/inicio-temporal\/#breadcrumb\",\"itemListElement\":[{\"@type\":\"ListItem\",\"position\":1,\"item\":{\"@type\":\"WebPage\",\"@id\":\"https:\/\/globalpartnersolutions.es\/\",\"url\":\"https:\/\/globalpartnersolutions.es\/\",\"name\":\"Portada\"}},{\"@type\":\"ListItem\",\"position\":2,\"item\":{\"@id\":\"https:\/\/globalpartnersolutions.es\/inicio-temporal\/#webpage\"}}]}]}<\/script>\n<!-- \/ Yoast SEO plugin. -->","_links":{"self":[{"href":"https:\/\/globalpartnersolutions.es\/en\/wp-json\/wp\/v2\/pages\/4288"}],"collection":[{"href":"https:\/\/globalpartnersolutions.es\/en\/wp-json\/wp\/v2\/pages"}],"about":[{"href":"https:\/\/globalpartnersolutions.es\/en\/wp-json\/wp\/v2\/types\/page"}],"author":[{"embeddable":true,"href":"https:\/\/globalpartnersolutions.es\/en\/wp-json\/wp\/v2\/users\/1"}],"replies":[{"embeddable":true,"href":"https:\/\/globalpartnersolutions.es\/en\/wp-json\/wp\/v2\/comments?post=4288"}],"version-history":[{"count":6,"href":"https:\/\/globalpartnersolutions.es\/en\/wp-json\/wp\/v2\/pages\/4288\/revisions"}],"predecessor-version":[{"id":5530,"href":"https:\/\/globalpartnersolutions.es\/en\/wp-json\/wp\/v2\/pages\/4288\/revisions\/5530"}],"wp:attachment":[{"href":"https:\/\/globalpartnersolutions.es\/en\/wp-json\/wp\/v2\/media?parent=4288"}],"curies":[{"name":"wp","href":"https:\/\/api.w.org\/{rel}","templated":true}]}}