{"id":3578,"date":"2016-01-27T11:22:46","date_gmt":"2016-01-27T11:22:46","guid":{"rendered":"http:\/\/temporal.globalpartnersolutions.es\/?page_id=3578"},"modified":"2021-03-26T09:32:17","modified_gmt":"2021-03-26T08:32:17","slug":"aviso-legal","status":"publish","type":"page","link":"https:\/\/globalpartnersolutions.es\/en\/aviso-legal\/","title":{"rendered":"Legal Notice"},"content":{"rendered":"<p align=\"justify\" >En cumplimiento del art\u00edculo 10 de la Ley 34\/2002, del 11 de julio, de servicios de la Sociedad de la Informaci\u00f3n y Comercio Electr\u00f3nico (LSSICE) se exponen a continuaci\u00f3n los datos identificativos de la empresa.<\/p>\n<div align=\"justify\"><strong>Denominaci\u00f3n social:<\/strong><strong>\u00a0GLOBAL PARTNER SOLUTIONS, S.L<\/strong><\/div>\n<p align=\"justify\"><strong>N\u00famero de identificaci\u00f3n fiscal:<\/strong><strong>\u00a0B87016788<\/strong><\/p>\n<p align=\"justify\"><strong>Domicilio Fiscal: <\/strong><strong>Avenida de la Industria, 50, 28823 Coslada (MADRID)<\/strong><\/p>\n<p align=\"justify\"><strong>Correo electr\u00f3nico:\u00a0<a href=\"mailto:info@globalparternsolutions.es\"   target=\"_self\"  rel=\"noopener noreferrer\">info@globalpartnersolutions.es<\/a><\/strong><\/p>\n<p align=\"justify\"><strong>Datos de inscripci\u00f3n en el registro mercantil:<\/strong><strong>\u00a0GLOBAL PARTNER SOLUTIONS,<\/strong>\u00a0sociedad limitada, constituida en Torrelodones en el a\u00f1o 2014, por Escritura P\u00fablica n\u00famero 712,ante el<strong>\u00a0notario JUAN LUIS HERNANDEZ-GIL MANCHA<\/strong>, del Ilustre Colegio de Madrid.<\/p>\n<p align=\"justify\"><strong>Inscrita en el Registro Mercantil de Madrid en el tomo 32.303, Libro 0, Folio 109, Secci\u00f3n 8, Inscripci\u00f3n 1 y hoja M 581461 en Fecha 03\/06\/2014.<\/strong><\/p>\n<p align=\"justify\"><strong>Estado de la Uni\u00f3n Europea o del \u00e1mbito econ\u00f3mico europeo donde fue concedida dicha titulaci\u00f3n:<\/strong>\u00a0<strong>ESPA\u00d1A<\/strong><\/p>\n<p align=\"justify\">Este sitio web ha sido creado por la empresa<strong>\u00a0GLOBAL PARTNER SOLUTIONS, S.L<\/strong>\u00a0con car\u00e1cter informativo y para uso personal de los usuarios. A trav\u00e9s de este Aviso legal, se pretende regular el acceso y uso de este sitio web, as\u00ed como la relaci\u00f3n entre el sitio web y sus usuarios.\u00a0Accediendo a este sitio web se aceptan los siguientes t\u00e9rminos y condiciones: El acceso a este sitio web es responsabilidad exclusiva de los usuarios.<\/p>\n<p align=\"justify\">El simple acceso a este sitio web no supone entablar ning\u00fan tipo de relaci\u00f3n comercial entre\u00a0<strong>GLOBAL PARTNER SOLUTIONS, S.L<\/strong>\u00a0y el usuario.<\/p>\n<p align=\"justify\">El acceso y la navegaci\u00f3n en este sitio web supone aceptar y conocer las advertencias legales, condiciones y t\u00e9rminos de uso contenidas en ella.<\/p>\n<p align=\"justify\">El titular del sitio web puede ofrecer servicios o productos que podr\u00e1n encontrarse sometidos a unas condiciones particulares propias que, seg\u00fan los casos, sustituyan, completen y\/o modifiquen las presentes condiciones, y sobre las cuales se informar\u00e1 al usuario en cada caso concreto.<\/p>","protected":false},"excerpt":{"rendered":"<p>En cumplimiento del art\u00edculo 10 de la Ley 34\/2002, del 11 de julio, de servicios de la Sociedad de la Informaci\u00f3n y Comercio Electr\u00f3nico (LSSICE) se exponen a continuaci\u00f3n los datos identificativos de la empresa. Denominaci\u00f3n social:\u00a0GLOBAL PARTNER SOLUTIONS, S.L N\u00famero de identificaci\u00f3n fiscal:\u00a0B87016788 Domicilio Fiscal: Avenida de la Industria, 50, 28823 Coslada (MADRID) Correo [&hellip;]<\/p>","protected":false},"author":1,"featured_media":0,"parent":0,"menu_order":8,"comment_status":"closed","ping_status":"closed","template":"","meta":[],"yoast_head":"<!-- This site is optimized with the Yoast SEO plugin v16.4 - https:\/\/yoast.com\/wordpress\/plugins\/seo\/ -->\n<title>Aviso Legal - Global Partner Solutions<\/title>\n<meta name=\"robots\"  content=\"index, follow, max-snippet:-1, max-image-preview:large, max-video-preview:-1\" \/>\n<link rel=\"canonical\"  href=\"https:\/\/globalpartnersolutions.es\/en\/aviso-legal\/\" \/>\n<meta property=\"og:locale\"  content=\"en_GB\" \/>\n<meta property=\"og:type\"  content=\"article\" \/>\n<meta property=\"og:title\"  content=\"Aviso Legal - Global Partner Solutions\" \/>\n<meta property=\"og:description\"  content=\"En cumplimiento del art\u00edculo 10 de la Ley 34\/2002, del 11 de julio, de servicios de la Sociedad de la Informaci\u00f3n y Comercio Electr\u00f3nico (LSSICE) se exponen a continuaci\u00f3n los datos identificativos de la empresa. Denominaci\u00f3n social:\u00a0GLOBAL PARTNER SOLUTIONS, S.L N\u00famero de identificaci\u00f3n fiscal:\u00a0B87016788 Domicilio Fiscal: Avenida de la Industria, 50, 28823 Coslada (MADRID) Correo [&hellip;]\" \/>\n<meta property=\"og:url\"  content=\"https:\/\/globalpartnersolutions.es\/en\/aviso-legal\/\" \/>\n<meta property=\"og:site_name\"  content=\"Global Partner Solutions\" \/>\n<meta property=\"article:modified_time\"  content=\"2021-03-26T08:32:17+00:00\" \/>\n<meta name=\"twitter:card\" content=\"summary\" \/>\n<meta name=\"twitter:label1\"  content=\"Estimated reading time\" \/>\n\t<meta name=\"twitter:data1\" content=\"2 minutes\" \/>\n<script type=\"application\/ld+json\" class=\"yoast-schema-graph\">{\"@context\":\"https:\/\/schema.org\",\"@graph\":[{\"@type\":\"WebSite\",\"@id\":\"https:\/\/globalpartnersolutions.es\/#website\",\"url\":\"https:\/\/globalpartnersolutions.es\/\",\"name\":\"Global Partner Solutions\",\"description\":\"Expertos en desarrollar proyectos, enfocados en resultados\",\"potentialAction\":[{\"@type\":\"SearchAction\",\"target\":\"https:\/\/globalpartnersolutions.es\/?s={search_term_string}\",\"query-input\":\"required name=search_term_string\"}],\"inLanguage\":\"en-GB\"},{\"@type\":\"WebPage\",\"@id\":\"https:\/\/globalpartnersolutions.es\/aviso-legal\/#webpage\",\"url\":\"https:\/\/globalpartnersolutions.es\/aviso-legal\/\",\"name\":\"Aviso Legal - Global Partner Solutions\",\"isPartOf\":{\"@id\":\"https:\/\/globalpartnersolutions.es\/#website\"},\"datePublished\":\"2016-01-27T11:22:46+00:00\",\"dateModified\":\"2021-03-26T08:32:17+00:00\",\"breadcrumb\":{\"@id\":\"https:\/\/globalpartnersolutions.es\/aviso-legal\/#breadcrumb\"},\"inLanguage\":\"en-GB\",\"potentialAction\":[{\"@type\":\"ReadAction\",\"target\":[\"https:\/\/globalpartnersolutions.es\/aviso-legal\/\"]}]},{\"@type\":\"BreadcrumbList\",\"@id\":\"https:\/\/globalpartnersolutions.es\/aviso-legal\/#breadcrumb\",\"itemListElement\":[{\"@type\":\"ListItem\",\"position\":1,\"item\":{\"@type\":\"WebPage\",\"@id\":\"https:\/\/globalpartnersolutions.es\/\",\"url\":\"https:\/\/globalpartnersolutions.es\/\",\"name\":\"Portada\"}},{\"@type\":\"ListItem\",\"position\":2,\"item\":{\"@id\":\"https:\/\/globalpartnersolutions.es\/aviso-legal\/#webpage\"}}]}]}<\/script>\n<!-- \/ Yoast SEO plugin. -->","_links":{"self":[{"href":"https:\/\/globalpartnersolutions.es\/en\/wp-json\/wp\/v2\/pages\/3578"}],"collection":[{"href":"https:\/\/globalpartnersolutions.es\/en\/wp-json\/wp\/v2\/pages"}],"about":[{"href":"https:\/\/globalpartnersolutions.es\/en\/wp-json\/wp\/v2\/types\/page"}],"author":[{"embeddable":true,"href":"https:\/\/globalpartnersolutions.es\/en\/wp-json\/wp\/v2\/users\/1"}],"replies":[{"embeddable":true,"href":"https:\/\/globalpartnersolutions.es\/en\/wp-json\/wp\/v2\/comments?post=3578"}],"version-history":[{"count":3,"href":"https:\/\/globalpartnersolutions.es\/en\/wp-json\/wp\/v2\/pages\/3578\/revisions"}],"predecessor-version":[{"id":4892,"href":"https:\/\/globalpartnersolutions.es\/en\/wp-json\/wp\/v2\/pages\/3578\/revisions\/4892"}],"wp:attachment":[{"href":"https:\/\/globalpartnersolutions.es\/en\/wp-json\/wp\/v2\/media?parent=3578"}],"curies":[{"name":"wp","href":"https:\/\/api.w.org\/{rel}","templated":true}]}}