{"id":3550,"date":"2016-01-26T12:54:09","date_gmt":"2016-01-26T12:54:09","guid":{"rendered":"http:\/\/temporal.globalpartnersolutions.es\/?page_id=3550"},"modified":"2020-02-04T12:25:37","modified_gmt":"2020-02-04T11:25:37","slug":"agencia-de-publicidad","status":"publish","type":"page","link":"https:\/\/globalpartnersolutions.es\/en\/agencia-de-publicidad\/","title":{"rendered":"Agencia de Publicidad"},"content":{"rendered":"<div id='av_section_1'    class='avia-section alternate_color avia-section-small avia-shadow  avia-bg-style-scroll  avia-builder-el-0  el_before_av_section  avia-builder-el-first   container_wrap fullsize'  style='background-color: #b5b5b5;  '   ><div class='container' ><main  role=\"main\"   itemprop=\"mainContentOfPage\"    class='template-page content  av-content-full alpha units'><div class='post-entry post-entry-type-page post-entry-3550'><div class='entry-content-wrapper clearfix'>\n<div  style='padding-bottom:0px; color:#f4f4f4;'   class='av-special-heading av-special-heading-h1 custom-color-heading blockquote modern-quote modern-centered  avia-builder-el-1  avia-builder-el-no-sibling'><h1 class='av-special-heading-tag'    itemprop=\"headline\"  >Soluciones creativas para tu negocio<\/h1><div class='special-heading-border'><div class='special-heading-inner-border'   style='border-color:#f4f4f4'><\/div><\/div><\/div>\n\n<\/div><\/div><\/main><!-- close content main element --><\/div><\/div><div id='av_section_2'    class='avia-section main_color avia-section-default avia-no-shadow  avia-bg-style-scroll  avia-builder-el-2  el_after_av_section  el_before_av_one_full   container_wrap fullsize'   style=' '  ><div class='container' ><div class='template-page content  av-content-full alpha units'><div class='post-entry post-entry-type-page post-entry-3550'><div class='entry-content-wrapper clearfix'>\n<div class=\"flex_column av_two_third  flex_column_div av-zero-column-padding first  avia-builder-el-3  el_before_av_two_third  avia-builder-el-first\"   style='border-radius:0px; '><div  style='padding-bottom:0px; '   class='av-special-heading av-special-heading-h1  blockquote modern-quote  avia-builder-el-4  avia-builder-el-no-sibling'><h1 class='av-special-heading-tag'    itemprop=\"headline\"  >Agencia de Publicidad<\/h1><div class='special-heading-border'><div class='special-heading-inner-border'  ><\/div><\/div><\/div><\/div><div class=\"flex_column av_two_third  flex_column_div first  avia-builder-el-5  el_after_av_two_third  el_before_av_one_third  column-top-margin\"   style='border-width:1px; border-color:#2f844e; border-style:solid; padding:6px; border-radius:0px; '><section class=\"av_textblock_section\"    itemscope=\"itemscope\"   itemtype=\"https:\/\/schema.org\/CreativeWork\" ><div class='avia_textblock'     itemprop=\"text\" ><p style=\"text-align: justify;\">Desde 1997 en La Federal integramos estrategia, creatividad y exploraci\u00f3n de nuevas soluciones y tendencias.<\/p>\n<p style=\"text-align: justify;\">As\u00ed desarrollamos un concepto de comunicaci\u00f3n global y transversal por el cual:<\/p>\n<ul>\n<li style=\"text-align: justify;\">Establecemos v\u00ednculos entre la marca y su entorno.<\/li>\n<li style=\"text-align: justify;\">Generamos valor de marca.<\/li>\n<li style=\"text-align: justify;\">Logramos posicionamiento.<\/li>\n<li style=\"text-align: justify;\">Mostramos diferenciaci\u00f3n.<\/li>\n<\/ul>\n<\/div><\/section><\/div><div class=\"flex_column av_one_third  flex_column_div av-zero-column-padding   avia-builder-el-7  el_after_av_two_third  avia-builder-el-last  column-top-margin\"   style='border-radius:0px; '><div   data-size='no scaling'    data-lightbox_size='large'    data-animation='slide'    data-conditional_play=''    data-ids='3829'    data-video_counter='0'    data-autoplay='false'    data-bg_slider='false'    data-slide_height=''    data-handle='av_slideshow'    data-interval='5'    data-class=' avia-builder-el-8  avia-builder-el-no-sibling  '    data-el_id=''    data-css_id=''    data-scroll_down=''    data-control_layout='av-control-hidden'    data-custom_markup=''    data-perma_caption=''    data-autoplay_stopper=''    data-image_attachment=''    data-min_height='0px'    data-lazy_loading='disabled'    class='avia-slideshow avia-slideshow-1  av-control-hidden av-default-height-applied avia-slideshow-no scaling av_slideshow  avia-builder-el-8  avia-builder-el-no-sibling   avia-slide-slider'    itemprop=\"image\"   itemscope=\"itemscope\"   itemtype=\"https:\/\/schema.org\/ImageObject\" ><ul class='avia-slideshow-inner'   style='padding-bottom: 46.12676056338%;' ><li  class='av-single-slide slide-1' ><div data-rel='slideshow-1'  class='avia-slide-wrap'   ><img class=\"wp-image-3829 avia-img-lazy-loading-not-3829\"    src=\"https:\/\/globalpartnersolutions.es\/wp-content\/uploads\/2016\/01\/logo-federal-2015.png\"   width=\"284\"   height=\"131\"   title='logo federal 2015'   alt=''  itemprop=\"thumbnailUrl\"   \/><\/div><\/li><\/ul><\/div><\/div>\n<\/div><\/div><\/div><!-- close content main div --><\/div><\/div><div id='after_section_2'    class='main_color av_default_container_wrap container_wrap fullsize'   style=' '  ><div class='container' ><div class='template-page content  av-content-full alpha units'><div class='post-entry post-entry-type-page post-entry-3550'><div class='entry-content-wrapper clearfix'>\n<div class=\"flex_column av_one_full  flex_column_div first  avia-builder-el-9  el_after_av_section  el_before_av_section  avia-builder-el-no-sibling\" ><section class=\"av_textblock_section\"    itemscope=\"itemscope\"   itemtype=\"https:\/\/schema.org\/CreativeWork\" ><div class='avia_textblock'     itemprop=\"text\" ><h2>\u00bfC\u00f3mo trabajamos?<\/h2>\n<p style=\"text-align: justify;\"><img loading=\"lazy\"   class=\"alignright wp-image-3904 size-full\"   src=\"http:\/\/globalpartnersolutions.es\/wp-content\/uploads\/2016\/01\/montaje-agencia.jpg\"   alt=\"montaje-agencia\"   width=\"705\"   height=\"332\"   srcset=\"https:\/\/globalpartnersolutions.es\/wp-content\/uploads\/2016\/01\/montaje-agencia.jpg 705w, https:\/\/globalpartnersolutions.es\/wp-content\/uploads\/2016\/01\/montaje-agencia-300x141.jpg 300w, https:\/\/globalpartnersolutions.es\/wp-content\/uploads\/2016\/01\/montaje-agencia-450x212.jpg 450w\"   sizes=\"(max-width: 705px) 100vw, 705px\" \/><\/p>\n<p style=\"text-align: justify;\">Ofrecemos soluciones creativas a ideas de implementaci\u00f3n a cualquier tipo de necesidades del cliente.<\/p>\n<p style=\"text-align: justify;\">Desde ATL (spot, online, cu\u00f1a, prensa&#8230;) a BTL (virales, guerrilla, no convencional,&#8230;).<\/p>\n<p style=\"text-align: justify;\">Ofertamos <strong>soluciones<\/strong> que enlazan las pol\u00edticas de comunicaci\u00f3n con todas las \u00e1reas de la gesti\u00f3n empresarial.<\/p>\n<p style=\"text-align: justify;\"><strong>\u00bfC\u00f3mo lo hacemos?<\/strong> Mediante el diagn\u00f3stico de necesidades y la planificaci\u00f3n estrat\u00e9gica de acciones \u201ca la carta\u201d fruto de una clara orientaci\u00f3n al cliente. Esto nos permite un mayor rendimiento y efectividad de las acciones y, en definitiva, hablar de rentabilidad.<\/p>\n<h2><img loading=\"lazy\"   class=\"aligncenter wp-image-3834 size-full\"   src=\"http:\/\/globalpartnersolutions.es\/wp-content\/uploads\/2016\/01\/La-Federal-Trabajos-Publicidad-Global-Partner-Solutions.jpg\"   alt=\"La Federal Trabajos Publicidad - Global Partner Solutions\"   width=\"1200\"   height=\"449\"   srcset=\"https:\/\/globalpartnersolutions.es\/wp-content\/uploads\/2016\/01\/La-Federal-Trabajos-Publicidad-Global-Partner-Solutions.jpg 1200w, https:\/\/globalpartnersolutions.es\/wp-content\/uploads\/2016\/01\/La-Federal-Trabajos-Publicidad-Global-Partner-Solutions-300x112.jpg 300w, https:\/\/globalpartnersolutions.es\/wp-content\/uploads\/2016\/01\/La-Federal-Trabajos-Publicidad-Global-Partner-Solutions-768x287.jpg 768w, https:\/\/globalpartnersolutions.es\/wp-content\/uploads\/2016\/01\/La-Federal-Trabajos-Publicidad-Global-Partner-Solutions-1030x385.jpg 1030w, https:\/\/globalpartnersolutions.es\/wp-content\/uploads\/2016\/01\/La-Federal-Trabajos-Publicidad-Global-Partner-Solutions-705x264.jpg 705w, https:\/\/globalpartnersolutions.es\/wp-content\/uploads\/2016\/01\/La-Federal-Trabajos-Publicidad-Global-Partner-Solutions-450x168.jpg 450w\"   sizes=\"(max-width: 1200px) 100vw, 1200px\" \/><\/h2>\n<\/div><\/section><\/div>\n<\/div><\/div><\/div><!-- close content main div --><\/div><\/div><div id='av_section_3'    class='avia-section alternate_color avia-section-small avia-no-shadow  avia-bg-style-scroll  avia-builder-el-11  el_after_av_one_full  avia-builder-el-last   container_wrap fullsize'   style=' '  ><div class='container' ><div class='template-page content  av-content-full alpha units'><div class='post-entry post-entry-type-page post-entry-3550'><div class='entry-content-wrapper clearfix'>\n<div  style='padding-bottom:6px; '   class='av-special-heading av-special-heading-h2  blockquote modern-quote modern-centered  avia-builder-el-12  el_before_av_image  avia-builder-el-first'><h2 class='av-special-heading-tag'    itemprop=\"headline\"  >Nuestra mejor tarjeta de visita, clientes satisfechos<\/h2><div class='special-heading-border'><div class='special-heading-inner-border' ><\/div><\/div><\/div>\n<div  class='avia-image-container  av-styling-    avia-builder-el-13  el_after_av_heading  avia-builder-el-last  avia-align-center'    itemprop=\"image\"   itemscope=\"itemscope\"   itemtype=\"https:\/\/schema.org\/ImageObject\"  ><div class='avia-image-container-inner'><div class='avia-image-overlay-wrap'><img class='wp-image-3800 avia-img-lazy-loading-not-3800 avia_image'   src=\"https:\/\/globalpartnersolutions.es\/wp-content\/uploads\/2016\/01\/Algunos-Clientes-Agencia-Publicidad-Global-Partner-Solutions.jpg\"   alt='Algunos Clientes Agencia Publicidad - Global Partner Solutions'   title='Algunos Clientes Agencia Publicidad - Global Partner Solutions'   height=\"255\"   width=\"1781\"    itemprop=\"thumbnailUrl\"   srcset=\"https:\/\/globalpartnersolutions.es\/wp-content\/uploads\/2016\/01\/Algunos-Clientes-Agencia-Publicidad-Global-Partner-Solutions.jpg 1781w, https:\/\/globalpartnersolutions.es\/wp-content\/uploads\/2016\/01\/Algunos-Clientes-Agencia-Publicidad-Global-Partner-Solutions-300x43.jpg 300w, https:\/\/globalpartnersolutions.es\/wp-content\/uploads\/2016\/01\/Algunos-Clientes-Agencia-Publicidad-Global-Partner-Solutions-768x110.jpg 768w, https:\/\/globalpartnersolutions.es\/wp-content\/uploads\/2016\/01\/Algunos-Clientes-Agencia-Publicidad-Global-Partner-Solutions-1030x147.jpg 1030w, https:\/\/globalpartnersolutions.es\/wp-content\/uploads\/2016\/01\/Algunos-Clientes-Agencia-Publicidad-Global-Partner-Solutions-1500x215.jpg 1500w, https:\/\/globalpartnersolutions.es\/wp-content\/uploads\/2016\/01\/Algunos-Clientes-Agencia-Publicidad-Global-Partner-Solutions-705x101.jpg 705w, https:\/\/globalpartnersolutions.es\/wp-content\/uploads\/2016\/01\/Algunos-Clientes-Agencia-Publicidad-Global-Partner-Solutions-450x64.jpg 450w\"   sizes=\"(max-width: 1781px) 100vw, 1781px\" \/><\/div><\/div><\/div>","protected":false},"excerpt":{"rendered":"","protected":false},"author":1,"featured_media":0,"parent":0,"menu_order":4,"comment_status":"open","ping_status":"open","template":"","meta":[],"yoast_head":"<!-- This site is optimized with the Yoast SEO plugin v16.4 - https:\/\/yoast.com\/wordpress\/plugins\/seo\/ -->\n<title>Agencia de Publicidad - Global Partner Solutions<\/title>\n<meta name=\"description\"  content=\"Integramos estrategia, creatividad y exploraci\u00f3n de nuevas soluciones y tendencias. As\u00ed desarrollamos un concepto de comunicaci\u00f3n global y transversal\"  \/>\n<meta name=\"robots\"  content=\"index, follow, max-snippet:-1, max-image-preview:large, max-video-preview:-1\" \/>\n<link rel=\"canonical\"  href=\"https:\/\/globalpartnersolutions.es\/en\/agencia-de-publicidad\/\" \/>\n<meta property=\"og:locale\"  content=\"en_GB\" \/>\n<meta property=\"og:type\"  content=\"article\" \/>\n<meta property=\"og:title\"  content=\"Agencia de Publicidad - Global Partner Solutions\" \/>\n<meta property=\"og:description\"  content=\"Integramos estrategia, creatividad y exploraci\u00f3n de nuevas soluciones y tendencias. As\u00ed desarrollamos un concepto de comunicaci\u00f3n global y transversal\" \/>\n<meta property=\"og:url\"  content=\"https:\/\/globalpartnersolutions.es\/en\/agencia-de-publicidad\/\" \/>\n<meta property=\"og:site_name\"  content=\"Global Partner Solutions\" \/>\n<meta property=\"article:modified_time\"  content=\"2020-02-04T11:25:37+00:00\" \/>\n<meta property=\"og:image\"  content=\"http:\/\/globalpartnersolutions.es\/wp-content\/uploads\/2016\/01\/montaje-agencia.jpg\" \/>\n<meta name=\"twitter:card\" content=\"summary\" \/>\n<meta name=\"twitter:label1\"  content=\"Estimated reading time\" \/>\n\t<meta name=\"twitter:data1\" content=\"3 minutes\" \/>\n<script type=\"application\/ld+json\" class=\"yoast-schema-graph\">{\"@context\":\"https:\/\/schema.org\",\"@graph\":[{\"@type\":\"WebSite\",\"@id\":\"https:\/\/globalpartnersolutions.es\/#website\",\"url\":\"https:\/\/globalpartnersolutions.es\/\",\"name\":\"Global Partner Solutions\",\"description\":\"Expertos en desarrollar proyectos, enfocados en resultados\",\"potentialAction\":[{\"@type\":\"SearchAction\",\"target\":\"https:\/\/globalpartnersolutions.es\/?s={search_term_string}\",\"query-input\":\"required name=search_term_string\"}],\"inLanguage\":\"en-GB\"},{\"@type\":\"ImageObject\",\"@id\":\"https:\/\/globalpartnersolutions.es\/agencia-de-publicidad\/#primaryimage\",\"inLanguage\":\"en-GB\",\"url\":\"http:\/\/globalpartnersolutions.es\/wp-content\/uploads\/2016\/01\/montaje-agencia.jpg\",\"contentUrl\":\"http:\/\/globalpartnersolutions.es\/wp-content\/uploads\/2016\/01\/montaje-agencia.jpg\"},{\"@type\":\"WebPage\",\"@id\":\"https:\/\/globalpartnersolutions.es\/agencia-de-publicidad\/#webpage\",\"url\":\"https:\/\/globalpartnersolutions.es\/agencia-de-publicidad\/\",\"name\":\"Agencia de Publicidad - Global Partner Solutions\",\"isPartOf\":{\"@id\":\"https:\/\/globalpartnersolutions.es\/#website\"},\"primaryImageOfPage\":{\"@id\":\"https:\/\/globalpartnersolutions.es\/agencia-de-publicidad\/#primaryimage\"},\"datePublished\":\"2016-01-26T12:54:09+00:00\",\"dateModified\":\"2020-02-04T11:25:37+00:00\",\"description\":\"Integramos estrategia, creatividad y exploraci\\u00f3n de nuevas soluciones y tendencias. As\\u00ed desarrollamos un concepto de comunicaci\\u00f3n global y transversal\",\"breadcrumb\":{\"@id\":\"https:\/\/globalpartnersolutions.es\/agencia-de-publicidad\/#breadcrumb\"},\"inLanguage\":\"en-GB\",\"potentialAction\":[{\"@type\":\"ReadAction\",\"target\":[\"https:\/\/globalpartnersolutions.es\/agencia-de-publicidad\/\"]}]},{\"@type\":\"BreadcrumbList\",\"@id\":\"https:\/\/globalpartnersolutions.es\/agencia-de-publicidad\/#breadcrumb\",\"itemListElement\":[{\"@type\":\"ListItem\",\"position\":1,\"item\":{\"@type\":\"WebPage\",\"@id\":\"https:\/\/globalpartnersolutions.es\/\",\"url\":\"https:\/\/globalpartnersolutions.es\/\",\"name\":\"Portada\"}},{\"@type\":\"ListItem\",\"position\":2,\"item\":{\"@id\":\"https:\/\/globalpartnersolutions.es\/agencia-de-publicidad\/#webpage\"}}]}]}<\/script>\n<!-- \/ Yoast SEO plugin. -->","_links":{"self":[{"href":"https:\/\/globalpartnersolutions.es\/en\/wp-json\/wp\/v2\/pages\/3550"}],"collection":[{"href":"https:\/\/globalpartnersolutions.es\/en\/wp-json\/wp\/v2\/pages"}],"about":[{"href":"https:\/\/globalpartnersolutions.es\/en\/wp-json\/wp\/v2\/types\/page"}],"author":[{"embeddable":true,"href":"https:\/\/globalpartnersolutions.es\/en\/wp-json\/wp\/v2\/users\/1"}],"replies":[{"embeddable":true,"href":"https:\/\/globalpartnersolutions.es\/en\/wp-json\/wp\/v2\/comments?post=3550"}],"version-history":[{"count":24,"href":"https:\/\/globalpartnersolutions.es\/en\/wp-json\/wp\/v2\/pages\/3550\/revisions"}],"predecessor-version":[{"id":4285,"href":"https:\/\/globalpartnersolutions.es\/en\/wp-json\/wp\/v2\/pages\/3550\/revisions\/4285"}],"wp:attachment":[{"href":"https:\/\/globalpartnersolutions.es\/en\/wp-json\/wp\/v2\/media?parent=3550"}],"curies":[{"name":"wp","href":"https:\/\/api.w.org\/{rel}","templated":true}]}}