{"id":3293,"date":"2016-01-22T06:44:32","date_gmt":"2016-01-22T06:44:32","guid":{"rendered":"http:\/\/temporal.globalpartnersolutions.es\/?page_id=3293"},"modified":"2025-11-03T17:16:45","modified_gmt":"2025-11-03T16:16:45","slug":"nuestros-clientes","status":"publish","type":"page","link":"https:\/\/globalpartnersolutions.es\/en\/nuestros-clientes\/","title":{"rendered":"Our Clients"},"content":{"rendered":"<div id='av_section_1'    class='avia-section main_color avia-section-small avia-shadow  avia-bg-style-scroll  avia-builder-el-0  el_before_av_textblock  avia-builder-el-first   container_wrap fullsize'  style='background-color: #2dc84d;  '   ><div class='container' ><main  role=\"main\"   itemprop=\"mainContentOfPage\"    class='template-page content  av-content-full alpha units'><div class='post-entry post-entry-type-page post-entry-3293'><div class='entry-content-wrapper clearfix'>\n<div  style='padding-bottom:0px; color:#ffffff;'   class='av-special-heading av-special-heading-h1 custom-color-heading blockquote modern-quote modern-centered  avia-builder-el-1  avia-builder-el-no-sibling'><h1 class='av-special-heading-tag'    itemprop=\"headline\"  >Our clients, our best business card<\/h1><div class='special-heading-border'><div class='special-heading-inner-border'   style='border-color:#ffffff'><\/div><\/div><\/div>\n<\/div><\/div><\/main><!-- close content main element --><\/div><\/div><div id='after_section_1'    class='main_color av_default_container_wrap container_wrap fullsize'   style=' '  ><div class='container' ><div class='template-page content  av-content-full alpha units'><div class='post-entry post-entry-type-page post-entry-3293'><div class='entry-content-wrapper clearfix'>\n<section class=\"av_textblock_section\"    itemscope=\"itemscope\"   itemtype=\"https:\/\/schema.org\/CreativeWork\" ><div class='avia_textblock'     itemprop=\"text\" ><p><img loading=\"lazy\"   class=\"aligncenter wp-image-5119 size-full\"   src=\"https:\/\/globalpartnersolutions.es\/wp-content\/uploads\/2022\/07\/Clientes-2022.jpg\"   alt=\"\"   width=\"852\"   height=\"476\"   srcset=\"https:\/\/globalpartnersolutions.es\/wp-content\/uploads\/2022\/07\/Clientes-2022.jpg 852w, https:\/\/globalpartnersolutions.es\/wp-content\/uploads\/2022\/07\/Clientes-2022-300x168.jpg 300w, https:\/\/globalpartnersolutions.es\/wp-content\/uploads\/2022\/07\/Clientes-2022-768x429.jpg 768w, https:\/\/globalpartnersolutions.es\/wp-content\/uploads\/2022\/07\/Clientes-2022-16x9.jpg 16w, https:\/\/globalpartnersolutions.es\/wp-content\/uploads\/2022\/07\/Clientes-2022-705x394.jpg 705w\"   sizes=\"(max-width: 852px) 100vw, 852px\" \/><\/p>\n<\/div><\/section>","protected":false},"excerpt":{"rendered":"","protected":false},"author":1,"featured_media":0,"parent":0,"menu_order":3,"comment_status":"open","ping_status":"open","template":"","meta":[],"yoast_head":"<!-- This site is optimized with the Yoast SEO plugin v16.4 - https:\/\/yoast.com\/wordpress\/plugins\/seo\/ -->\n<title>Nuestros Clientes - Global Partner Solutions<\/title>\n<meta name=\"description\"  content=\"Nuestro compromiso es ofrecer un servicio completo a todos nuestros clientes, desde la creaci\u00f3n de la idea con el dise\u00f1o m\u00e1s actual\" \/>\n<meta name=\"robots\"  content=\"index, follow, max-snippet:-1, max-image-preview:large, max-video-preview:-1\" \/>\n<link rel=\"canonical\"  href=\"https:\/\/globalpartnersolutions.es\/en\/nuestros-clientes\/\" \/>\n<meta property=\"og:locale\"  content=\"en_GB\" \/>\n<meta property=\"og:type\"  content=\"article\" \/>\n<meta property=\"og:title\"  content=\"Nuestros Clientes - Global Partner Solutions\" \/>\n<meta property=\"og:description\"  content=\"Nuestro compromiso es ofrecer un servicio completo a todos nuestros clientes, desde la creaci\u00f3n de la idea con el dise\u00f1o m\u00e1s actual\" \/>\n<meta property=\"og:url\"  content=\"https:\/\/globalpartnersolutions.es\/en\/nuestros-clientes\/\" \/>\n<meta property=\"og:site_name\"  content=\"Global Partner Solutions\" \/>\n<meta property=\"article:modified_time\"  content=\"2025-11-03T16:16:45+00:00\" \/>\n<meta property=\"og:image\"  content=\"https:\/\/globalpartnersolutions.es\/wp-content\/uploads\/2022\/07\/Clientes-2022.jpg\" \/>\n<meta name=\"twitter:card\" content=\"summary\" \/>\n<meta name=\"twitter:label1\"  content=\"Estimated reading time\" \/>\n\t<meta name=\"twitter:data1\" content=\"1 minute\" \/>\n<script type=\"application\/ld+json\" class=\"yoast-schema-graph\">{\"@context\":\"https:\/\/schema.org\",\"@graph\":[{\"@type\":\"WebSite\",\"@id\":\"https:\/\/globalpartnersolutions.es\/#website\",\"url\":\"https:\/\/globalpartnersolutions.es\/\",\"name\":\"Global Partner Solutions\",\"description\":\"Expertos en desarrollar proyectos, enfocados en resultados\",\"potentialAction\":[{\"@type\":\"SearchAction\",\"target\":\"https:\/\/globalpartnersolutions.es\/?s={search_term_string}\",\"query-input\":\"required name=search_term_string\"}],\"inLanguage\":\"en-GB\"},{\"@type\":\"ImageObject\",\"@id\":\"https:\/\/globalpartnersolutions.es\/nuestros-clientes\/#primaryimage\",\"inLanguage\":\"en-GB\",\"url\":\"https:\/\/globalpartnersolutions.es\/wp-content\/uploads\/2022\/07\/Clientes-2022.jpg\",\"contentUrl\":\"https:\/\/globalpartnersolutions.es\/wp-content\/uploads\/2022\/07\/Clientes-2022.jpg\",\"width\":852,\"height\":476},{\"@type\":\"WebPage\",\"@id\":\"https:\/\/globalpartnersolutions.es\/nuestros-clientes\/#webpage\",\"url\":\"https:\/\/globalpartnersolutions.es\/nuestros-clientes\/\",\"name\":\"Nuestros Clientes - Global Partner Solutions\",\"isPartOf\":{\"@id\":\"https:\/\/globalpartnersolutions.es\/#website\"},\"primaryImageOfPage\":{\"@id\":\"https:\/\/globalpartnersolutions.es\/nuestros-clientes\/#primaryimage\"},\"datePublished\":\"2016-01-22T06:44:32+00:00\",\"dateModified\":\"2025-11-03T16:16:45+00:00\",\"description\":\"Nuestro compromiso es ofrecer un servicio completo a todos nuestros clientes, desde la creaci\\u00f3n de la idea con el dise\\u00f1o m\\u00e1s actual\",\"breadcrumb\":{\"@id\":\"https:\/\/globalpartnersolutions.es\/nuestros-clientes\/#breadcrumb\"},\"inLanguage\":\"en-GB\",\"potentialAction\":[{\"@type\":\"ReadAction\",\"target\":[\"https:\/\/globalpartnersolutions.es\/nuestros-clientes\/\"]}]},{\"@type\":\"BreadcrumbList\",\"@id\":\"https:\/\/globalpartnersolutions.es\/nuestros-clientes\/#breadcrumb\",\"itemListElement\":[{\"@type\":\"ListItem\",\"position\":1,\"item\":{\"@type\":\"WebPage\",\"@id\":\"https:\/\/globalpartnersolutions.es\/\",\"url\":\"https:\/\/globalpartnersolutions.es\/\",\"name\":\"Portada\"}},{\"@type\":\"ListItem\",\"position\":2,\"item\":{\"@id\":\"https:\/\/globalpartnersolutions.es\/nuestros-clientes\/#webpage\"}}]}]}<\/script>\n<!-- \/ Yoast SEO plugin. -->","_links":{"self":[{"href":"https:\/\/globalpartnersolutions.es\/en\/wp-json\/wp\/v2\/pages\/3293"}],"collection":[{"href":"https:\/\/globalpartnersolutions.es\/en\/wp-json\/wp\/v2\/pages"}],"about":[{"href":"https:\/\/globalpartnersolutions.es\/en\/wp-json\/wp\/v2\/types\/page"}],"author":[{"embeddable":true,"href":"https:\/\/globalpartnersolutions.es\/en\/wp-json\/wp\/v2\/users\/1"}],"replies":[{"embeddable":true,"href":"https:\/\/globalpartnersolutions.es\/en\/wp-json\/wp\/v2\/comments?post=3293"}],"version-history":[{"count":32,"href":"https:\/\/globalpartnersolutions.es\/en\/wp-json\/wp\/v2\/pages\/3293\/revisions"}],"predecessor-version":[{"id":5543,"href":"https:\/\/globalpartnersolutions.es\/en\/wp-json\/wp\/v2\/pages\/3293\/revisions\/5543"}],"wp:attachment":[{"href":"https:\/\/globalpartnersolutions.es\/en\/wp-json\/wp\/v2\/media?parent=3293"}],"curies":[{"name":"wp","href":"https:\/\/api.w.org\/{rel}","templated":true}]}}